{"id":25,"date":"2023-08-20T15:24:19","date_gmt":"2023-08-20T18:24:19","guid":{"rendered":"http:\/\/ledautomotivo.com.br\/?page_id=25"},"modified":"2023-08-29T08:43:02","modified_gmt":"2023-08-29T11:43:02","slug":"pagina-inicial","status":"publish","type":"page","link":"https:\/\/ledautomotivo.com.br\/","title":{"rendered":"Bem vindo"},"content":{"rendered":"\n<p><center><a href='https:\/\/s.click.aliexpress.com\/e\/_DBtKzLN?bz=725*90' target='_parent' rel=\"noopener\"><img width='1013' height='118' src='https:\/\/i0.wp.com\/ae01.alicdn.com\/kf\/S3ff0a7d4675d41a2858d1fafde44b94f4.png_.webp?resize=1013%2C118&#038;ssl=1' data-recalc-dims=\"1\" \/><\/a><br>\n<a href='https:\/\/s.click.aliexpress.com\/e\/_DEyRLgP?bz=300*250' target='_parent' rel=\"noopener\"><img width='300' height='250' src='https:\/\/i0.wp.com\/ae01.alicdn.com\/kf\/S3619e57974f148d087c950fe497cdf55q\/300x250.jpg?resize=300%2C250&#038;ssl=1' data-recalc-dims=\"1\" \/><\/a><\/center><\/p>\n\n\n\n<div class=\"wp-block-group alignwide is-layout-constrained wp-block-group-is-layout-constrained\"><div class=\"wp-block-group__inner-container\">\n<div class=\"wp-block-group alignfull is-content-justification-space-between is-nowrap is-layout-flex wp-container-2 wp-block-group-is-layout-flex\">\n<h1 class=\"wp-block-heading\" style=\"font-size:48px\">Novos produtos<\/h1>\n\n\n\n<div class=\"wp-block-buttons is-layout-flex wp-block-buttons-is-layout-flex\">\n<div class=\"wp-block-button\"><a class=\"wp-block-button__link wp-element-button\" href=\"https:\/\/ledautomotivo.com.br\/?page_id=6\">Mais produtos<\/a><\/div>\n<\/div>\n<\/div>\n\n\n\n<div class=\"wp-block-group alignfull is-nowrap is-layout-flex wp-container-9 wp-block-group-is-layout-flex\">\n<div class=\"wp-block-query is-layout-flow wp-block-query-is-layout-flow\"><ul class=\"columns-4 wp-block-post-template is-layout-grid wp-container-7 wp-block-post-template-is-layout-grid\"><li class=\"wp-block-post post-205 product type-product status-publish has-post-thumbnail product_cat-superled first instock sale shipping-taxable product-type-external\">\n\n<div class=\"wp-block-group has-contrast-color has-text-color is-vertical is-content-justification-center is-layout-flex wp-container-3 wp-block-group-is-layout-flex\" style=\"border-radius:4px;border-top-color:#dddddd;border-top-style:solid;border-top-width:1px;border-right-color:#dddddd;border-right-style:solid;border-right-width:1px;border-bottom-color:#dddddd;border-bottom-style:solid;border-bottom-width:1px;border-left-color:#dddddd;border-left-style:solid;border-left-width:1px;padding-top:20px;padding-right:20px;padding-bottom:10px;padding-left:20px\"><div data-block-name=\"woocommerce\/product-image\" data-image-sizing=\"thumbnail\" data-is-descendent-of-query-loop=\"true\" class=\"wc-block-components-product-image wc-block-grid__product-image \" style=\"\">\n\t\t\t\t\t<a href=\"https:\/\/ledautomotivo.com.br\/?product=super-led-4-000-lumens\" style=\"\">\n\t\t<div class=\"wc-block-components-product-sale-badge wc-block-components-product-sale-badge--align-right wc-block-grid__product-onsale \" style=\"\">\n\t\t\t<span aria-hidden=\"true\">Sale<\/span>\n\t\t\t<span class=\"screen-reader-text\">Product on sale<\/span>\n\t\t<\/div>\n\t <img loading=\"lazy\" width=\"300\" height=\"300\" src=\"https:\/\/i0.wp.com\/ledautomotivo.com.br\/wp-content\/uploads\/2023\/08\/AUXITO-2Pcs-H11-L-mpadas-de-nevoeiro-LED-H8-H9-9006-HB4-9005-HB3-LED-12V.jpg?resize=300%2C300&amp;ssl=1\" class=\"attachment-woocommerce_thumbnail size-woocommerce_thumbnail\" alt=\"Super LED 4.000 Lumens\" decoding=\"async\" data-testid=\"product-image\" style=\"max-width:none;object-fit:cover;\" srcset=\"https:\/\/i0.wp.com\/ledautomotivo.com.br\/wp-content\/uploads\/2023\/08\/AUXITO-2Pcs-H11-L-mpadas-de-nevoeiro-LED-H8-H9-9006-HB4-9005-HB3-LED-12V.jpg?w=1000&amp;ssl=1 1000w, https:\/\/i0.wp.com\/ledautomotivo.com.br\/wp-content\/uploads\/2023\/08\/AUXITO-2Pcs-H11-L-mpadas-de-nevoeiro-LED-H8-H9-9006-HB4-9005-HB3-LED-12V.jpg?resize=300%2C300&amp;ssl=1 300w, https:\/\/i0.wp.com\/ledautomotivo.com.br\/wp-content\/uploads\/2023\/08\/AUXITO-2Pcs-H11-L-mpadas-de-nevoeiro-LED-H8-H9-9006-HB4-9005-HB3-LED-12V.jpg?resize=150%2C150&amp;ssl=1 150w, https:\/\/i0.wp.com\/ledautomotivo.com.br\/wp-content\/uploads\/2023\/08\/AUXITO-2Pcs-H11-L-mpadas-de-nevoeiro-LED-H8-H9-9006-HB4-9005-HB3-LED-12V.jpg?resize=768%2C768&amp;ssl=1 768w, https:\/\/i0.wp.com\/ledautomotivo.com.br\/wp-content\/uploads\/2023\/08\/AUXITO-2Pcs-H11-L-mpadas-de-nevoeiro-LED-H8-H9-9006-HB4-9005-HB3-LED-12V.jpg?resize=600%2C600&amp;ssl=1 600w, https:\/\/i0.wp.com\/ledautomotivo.com.br\/wp-content\/uploads\/2023\/08\/AUXITO-2Pcs-H11-L-mpadas-de-nevoeiro-LED-H8-H9-9006-HB4-9005-HB3-LED-12V.jpg?resize=100%2C100&amp;ssl=1 100w\" sizes=\"(max-width: 300px) 100vw, 300px\" \/><\/a>\n\t\t\t\t<\/div>\n\n<h3 style=\"margin-bottom:0.75rem;margin-top:0; font-style:normal;font-weight:300;text-decoration:underline;\" class=\"has-text-color has-contrast-color wp-block-post-title has-small-font-size\"><a href=\"https:\/\/ledautomotivo.com.br\/?product=super-led-4-000-lumens\" target=\"_self\" >Super LED 4.000 Lumens<\/a><\/h3><\/div>\n\n<\/li><li class=\"wp-block-post post-174 product type-product status-publish has-post-thumbnail product_cat-superled  instock sale shipping-taxable product-type-external\">\n\n<div class=\"wp-block-group has-contrast-color has-text-color is-vertical is-content-justification-center is-layout-flex wp-container-4 wp-block-group-is-layout-flex\" style=\"border-radius:4px;border-top-color:#dddddd;border-top-style:solid;border-top-width:1px;border-right-color:#dddddd;border-right-style:solid;border-right-width:1px;border-bottom-color:#dddddd;border-bottom-style:solid;border-bottom-width:1px;border-left-color:#dddddd;border-left-style:solid;border-left-width:1px;padding-top:20px;padding-right:20px;padding-bottom:10px;padding-left:20px\"><div data-block-name=\"woocommerce\/product-image\" data-image-sizing=\"thumbnail\" data-is-descendent-of-query-loop=\"true\" class=\"wc-block-components-product-image wc-block-grid__product-image \" style=\"\">\n\t\t\t\t\t<a href=\"https:\/\/ledautomotivo.com.br\/?product=1pc-25w-motocicleta-auto-led-farol-h1-h4-h7-h11-lampada-luzes-de-nevoeiro-cob-lampadas-led-luz-dianteira-do-farol-para-moto-holofotes-6000k-tipo-de-socket-h1\" style=\"\">\n\t\t<div class=\"wc-block-components-product-sale-badge wc-block-components-product-sale-badge--align-right wc-block-grid__product-onsale \" style=\"\">\n\t\t\t<span aria-hidden=\"true\">Sale<\/span>\n\t\t\t<span class=\"screen-reader-text\">Product on sale<\/span>\n\t\t<\/div>\n\t <img loading=\"lazy\" width=\"300\" height=\"300\" src=\"https:\/\/i0.wp.com\/ledautomotivo.com.br\/wp-content\/uploads\/2023\/08\/1pc-25w-motocicleta-auto-led-farol-h1-h4-h7-h11-l-mpada-luzes-de-nevoeiro-cob.jpg?resize=300%2C300&amp;ssl=1\" class=\"attachment-woocommerce_thumbnail size-woocommerce_thumbnail\" alt=\"Super LED 8000 Lumens - Moto\" decoding=\"async\" data-testid=\"product-image\" style=\"max-width:none;object-fit:cover;\" srcset=\"https:\/\/i0.wp.com\/ledautomotivo.com.br\/wp-content\/uploads\/2023\/08\/1pc-25w-motocicleta-auto-led-farol-h1-h4-h7-h11-l-mpada-luzes-de-nevoeiro-cob.jpg?w=1000&amp;ssl=1 1000w, https:\/\/i0.wp.com\/ledautomotivo.com.br\/wp-content\/uploads\/2023\/08\/1pc-25w-motocicleta-auto-led-farol-h1-h4-h7-h11-l-mpada-luzes-de-nevoeiro-cob.jpg?resize=300%2C300&amp;ssl=1 300w, https:\/\/i0.wp.com\/ledautomotivo.com.br\/wp-content\/uploads\/2023\/08\/1pc-25w-motocicleta-auto-led-farol-h1-h4-h7-h11-l-mpada-luzes-de-nevoeiro-cob.jpg?resize=150%2C150&amp;ssl=1 150w, https:\/\/i0.wp.com\/ledautomotivo.com.br\/wp-content\/uploads\/2023\/08\/1pc-25w-motocicleta-auto-led-farol-h1-h4-h7-h11-l-mpada-luzes-de-nevoeiro-cob.jpg?resize=768%2C768&amp;ssl=1 768w, https:\/\/i0.wp.com\/ledautomotivo.com.br\/wp-content\/uploads\/2023\/08\/1pc-25w-motocicleta-auto-led-farol-h1-h4-h7-h11-l-mpada-luzes-de-nevoeiro-cob.jpg?resize=600%2C600&amp;ssl=1 600w, https:\/\/i0.wp.com\/ledautomotivo.com.br\/wp-content\/uploads\/2023\/08\/1pc-25w-motocicleta-auto-led-farol-h1-h4-h7-h11-l-mpada-luzes-de-nevoeiro-cob.jpg?resize=100%2C100&amp;ssl=1 100w\" sizes=\"(max-width: 300px) 100vw, 300px\" \/><\/a>\n\t\t\t\t<\/div>\n\n<h3 style=\"margin-bottom:0.75rem;margin-top:0; font-style:normal;font-weight:300;text-decoration:underline;\" class=\"has-text-color has-contrast-color wp-block-post-title has-small-font-size\"><a href=\"https:\/\/ledautomotivo.com.br\/?product=1pc-25w-motocicleta-auto-led-farol-h1-h4-h7-h11-lampada-luzes-de-nevoeiro-cob-lampadas-led-luz-dianteira-do-farol-para-moto-holofotes-6000k-tipo-de-socket-h1\" target=\"_self\" >Super LED 8000 Lumens &#8211; Moto<\/a><\/h3><\/div>\n\n<\/li><li class=\"wp-block-post post-172 product type-product status-publish has-post-thumbnail product_cat-soleiras  instock sale shipping-taxable product-type-external\">\n\n<div class=\"wp-block-group has-contrast-color has-text-color is-vertical is-content-justification-center is-layout-flex wp-container-5 wp-block-group-is-layout-flex\" style=\"border-radius:4px;border-top-color:#dddddd;border-top-style:solid;border-top-width:1px;border-right-color:#dddddd;border-right-style:solid;border-right-width:1px;border-bottom-color:#dddddd;border-bottom-style:solid;border-bottom-width:1px;border-left-color:#dddddd;border-left-style:solid;border-left-width:1px;padding-top:20px;padding-right:20px;padding-bottom:10px;padding-left:20px\"><div data-block-name=\"woocommerce\/product-image\" data-image-sizing=\"thumbnail\" data-is-descendent-of-query-loop=\"true\" class=\"wc-block-components-product-image wc-block-grid__product-image \" style=\"\">\n\t\t\t\t\t<a href=\"https:\/\/ledautomotivo.com.br\/?product=soleira-de-led-com-efeito-dinamico-hyundai-creta\" style=\"\">\n\t\t<div class=\"wc-block-components-product-sale-badge wc-block-components-product-sale-badge--align-right wc-block-grid__product-onsale \" style=\"\">\n\t\t\t<span aria-hidden=\"true\">Sale<\/span>\n\t\t\t<span class=\"screen-reader-text\">Product on sale<\/span>\n\t\t<\/div>\n\t <img loading=\"lazy\" width=\"300\" height=\"300\" src=\"https:\/\/i0.wp.com\/ledautomotivo.com.br\/wp-content\/uploads\/2023\/08\/4-p-s-acr-lico-din-mico-led-pedal-bem-vindo-do-carro-placa-de-chinelo-1.jpg?resize=300%2C300&amp;ssl=1\" class=\"attachment-woocommerce_thumbnail size-woocommerce_thumbnail\" alt=\"Soleira de LED com efeito din\u00e2mico - Hyundai Creta\" decoding=\"async\" data-testid=\"product-image\" style=\"max-width:none;object-fit:cover;\" srcset=\"https:\/\/i0.wp.com\/ledautomotivo.com.br\/wp-content\/uploads\/2023\/08\/4-p-s-acr-lico-din-mico-led-pedal-bem-vindo-do-carro-placa-de-chinelo-1.jpg?w=800&amp;ssl=1 800w, https:\/\/i0.wp.com\/ledautomotivo.com.br\/wp-content\/uploads\/2023\/08\/4-p-s-acr-lico-din-mico-led-pedal-bem-vindo-do-carro-placa-de-chinelo-1.jpg?resize=300%2C300&amp;ssl=1 300w, https:\/\/i0.wp.com\/ledautomotivo.com.br\/wp-content\/uploads\/2023\/08\/4-p-s-acr-lico-din-mico-led-pedal-bem-vindo-do-carro-placa-de-chinelo-1.jpg?resize=150%2C150&amp;ssl=1 150w, https:\/\/i0.wp.com\/ledautomotivo.com.br\/wp-content\/uploads\/2023\/08\/4-p-s-acr-lico-din-mico-led-pedal-bem-vindo-do-carro-placa-de-chinelo-1.jpg?resize=768%2C768&amp;ssl=1 768w, https:\/\/i0.wp.com\/ledautomotivo.com.br\/wp-content\/uploads\/2023\/08\/4-p-s-acr-lico-din-mico-led-pedal-bem-vindo-do-carro-placa-de-chinelo-1.jpg?resize=600%2C600&amp;ssl=1 600w, https:\/\/i0.wp.com\/ledautomotivo.com.br\/wp-content\/uploads\/2023\/08\/4-p-s-acr-lico-din-mico-led-pedal-bem-vindo-do-carro-placa-de-chinelo-1.jpg?resize=100%2C100&amp;ssl=1 100w\" sizes=\"(max-width: 300px) 100vw, 300px\" \/><\/a>\n\t\t\t\t<\/div>\n\n<h3 style=\"margin-bottom:0.75rem;margin-top:0; font-style:normal;font-weight:300;text-decoration:underline;\" class=\"has-text-color has-contrast-color wp-block-post-title has-small-font-size\"><a href=\"https:\/\/ledautomotivo.com.br\/?product=soleira-de-led-com-efeito-dinamico-hyundai-creta\" target=\"_self\" >Soleira de LED com efeito din\u00e2mico &#8211; Hyundai Creta<\/a><\/h3><\/div>\n\n<\/li><li class=\"wp-block-post post-84 product type-product status-publish has-post-thumbnail product_cat-superled last instock sale shipping-taxable product-type-external\">\n\n<div class=\"wp-block-group has-contrast-color has-text-color is-vertical is-content-justification-center is-layout-flex wp-container-6 wp-block-group-is-layout-flex\" style=\"border-radius:4px;border-top-color:#dddddd;border-top-style:solid;border-top-width:1px;border-right-color:#dddddd;border-right-style:solid;border-right-width:1px;border-bottom-color:#dddddd;border-bottom-style:solid;border-bottom-width:1px;border-left-color:#dddddd;border-left-style:solid;border-left-width:1px;padding-top:20px;padding-right:20px;padding-bottom:10px;padding-left:20px\"><div data-block-name=\"woocommerce\/product-image\" data-image-sizing=\"thumbnail\" data-is-descendent-of-query-loop=\"true\" class=\"wc-block-components-product-image wc-block-grid__product-image \" style=\"\">\n\t\t\t\t\t<a href=\"https:\/\/ledautomotivo.com.br\/?product=super-led-12000-lumens-6000k\" style=\"\">\n\t\t<div class=\"wc-block-components-product-sale-badge wc-block-components-product-sale-badge--align-right wc-block-grid__product-onsale \" style=\"\">\n\t\t\t<span aria-hidden=\"true\">Sale<\/span>\n\t\t\t<span class=\"screen-reader-text\">Product on sale<\/span>\n\t\t<\/div>\n\t <img loading=\"lazy\" width=\"300\" height=\"300\" src=\"https:\/\/i0.wp.com\/ledautomotivo.com.br\/wp-content\/uploads\/2023\/08\/0-main-lampadas-led-do-farol-do-carro-luzes-de-nevoeiro-automatico-1515-chips-12000lm-6000k-12v-h4-h7-h11-h8-9006-hb4-h1-h3-hb3-h9-h27-pces-2.png?resize=300%2C300&amp;ssl=1\" class=\"attachment-woocommerce_thumbnail size-woocommerce_thumbnail\" alt=\"Super LED 12000 Lumens 6000K\" decoding=\"async\" data-testid=\"product-image\" style=\"max-width:none;object-fit:cover;\" srcset=\"https:\/\/i0.wp.com\/ledautomotivo.com.br\/wp-content\/uploads\/2023\/08\/0-main-lampadas-led-do-farol-do-carro-luzes-de-nevoeiro-automatico-1515-chips-12000lm-6000k-12v-h4-h7-h11-h8-9006-hb4-h1-h3-hb3-h9-h27-pces-2.png?w=1010&amp;ssl=1 1010w, https:\/\/i0.wp.com\/ledautomotivo.com.br\/wp-content\/uploads\/2023\/08\/0-main-lampadas-led-do-farol-do-carro-luzes-de-nevoeiro-automatico-1515-chips-12000lm-6000k-12v-h4-h7-h11-h8-9006-hb4-h1-h3-hb3-h9-h27-pces-2.png?resize=300%2C300&amp;ssl=1 300w, https:\/\/i0.wp.com\/ledautomotivo.com.br\/wp-content\/uploads\/2023\/08\/0-main-lampadas-led-do-farol-do-carro-luzes-de-nevoeiro-automatico-1515-chips-12000lm-6000k-12v-h4-h7-h11-h8-9006-hb4-h1-h3-hb3-h9-h27-pces-2.png?resize=150%2C150&amp;ssl=1 150w, https:\/\/i0.wp.com\/ledautomotivo.com.br\/wp-content\/uploads\/2023\/08\/0-main-lampadas-led-do-farol-do-carro-luzes-de-nevoeiro-automatico-1515-chips-12000lm-6000k-12v-h4-h7-h11-h8-9006-hb4-h1-h3-hb3-h9-h27-pces-2.png?resize=768%2C768&amp;ssl=1 768w, https:\/\/i0.wp.com\/ledautomotivo.com.br\/wp-content\/uploads\/2023\/08\/0-main-lampadas-led-do-farol-do-carro-luzes-de-nevoeiro-automatico-1515-chips-12000lm-6000k-12v-h4-h7-h11-h8-9006-hb4-h1-h3-hb3-h9-h27-pces-2.png?resize=600%2C600&amp;ssl=1 600w, https:\/\/i0.wp.com\/ledautomotivo.com.br\/wp-content\/uploads\/2023\/08\/0-main-lampadas-led-do-farol-do-carro-luzes-de-nevoeiro-automatico-1515-chips-12000lm-6000k-12v-h4-h7-h11-h8-9006-hb4-h1-h3-hb3-h9-h27-pces-2.png?resize=100%2C100&amp;ssl=1 100w\" sizes=\"(max-width: 300px) 100vw, 300px\" \/><\/a>\n\t\t\t\t<\/div>\n\n<h3 style=\"margin-bottom:0.75rem;margin-top:0; font-style:normal;font-weight:300;text-decoration:underline;\" class=\"has-text-color has-contrast-color wp-block-post-title has-small-font-size\"><a href=\"https:\/\/ledautomotivo.com.br\/?product=super-led-12000-lumens-6000k\" target=\"_self\" >Super LED 12000 Lumens 6000K<\/a><\/h3><\/div>\n\n<\/li><\/ul><\/div>\n<\/div>\n<\/div><\/div>\n\n\n<div data-block-name=\"woocommerce\/single-product\" data-product-id=\"174\" class=\"wp-block-woocommerce-single-product alignwide\">\n<div class=\"wp-block-columns is-layout-flex wp-container-13 wp-block-columns-is-layout-flex\">\n<div class=\"wp-block-column is-vertically-aligned-center is-layout-flow wp-block-column-is-layout-flow\" style=\"padding-top:0;padding-right:0;padding-bottom:0;padding-left:0;flex-basis:40%\"><div data-block-name=\"woocommerce\/product-image\" data-show-sale-badge=\"false\" data-is-descendent-of-single-product-block=\"true\" data-height=\"300px\" class=\"wc-block-components-product-image wc-block-grid__product-image \" style=\"\">\n\t\t\t\t\t<a href=\"https:\/\/ledautomotivo.com.br\/?product=1pc-25w-motocicleta-auto-led-farol-h1-h4-h7-h11-lampada-luzes-de-nevoeiro-cob-lampadas-led-luz-dianteira-do-farol-para-moto-holofotes-6000k-tipo-de-socket-h1\" style=\"\"> <img loading=\"lazy\" width=\"600\" height=\"600\" src=\"https:\/\/i0.wp.com\/ledautomotivo.com.br\/wp-content\/uploads\/2023\/08\/1pc-25w-motocicleta-auto-led-farol-h1-h4-h7-h11-l-mpada-luzes-de-nevoeiro-cob.jpg?fit=600%2C600&amp;ssl=1\" class=\"attachment-woocommerce_single size-woocommerce_single\" alt=\"Super LED 8000 Lumens - Moto\" decoding=\"async\" data-testid=\"product-image\" style=\"max-width:none;height:300px;object-fit:cover;\" srcset=\"https:\/\/i0.wp.com\/ledautomotivo.com.br\/wp-content\/uploads\/2023\/08\/1pc-25w-motocicleta-auto-led-farol-h1-h4-h7-h11-l-mpada-luzes-de-nevoeiro-cob.jpg?w=1000&amp;ssl=1 1000w, https:\/\/i0.wp.com\/ledautomotivo.com.br\/wp-content\/uploads\/2023\/08\/1pc-25w-motocicleta-auto-led-farol-h1-h4-h7-h11-l-mpada-luzes-de-nevoeiro-cob.jpg?resize=300%2C300&amp;ssl=1 300w, https:\/\/i0.wp.com\/ledautomotivo.com.br\/wp-content\/uploads\/2023\/08\/1pc-25w-motocicleta-auto-led-farol-h1-h4-h7-h11-l-mpada-luzes-de-nevoeiro-cob.jpg?resize=150%2C150&amp;ssl=1 150w, https:\/\/i0.wp.com\/ledautomotivo.com.br\/wp-content\/uploads\/2023\/08\/1pc-25w-motocicleta-auto-led-farol-h1-h4-h7-h11-l-mpada-luzes-de-nevoeiro-cob.jpg?resize=768%2C768&amp;ssl=1 768w, https:\/\/i0.wp.com\/ledautomotivo.com.br\/wp-content\/uploads\/2023\/08\/1pc-25w-motocicleta-auto-led-farol-h1-h4-h7-h11-l-mpada-luzes-de-nevoeiro-cob.jpg?resize=600%2C600&amp;ssl=1 600w, https:\/\/i0.wp.com\/ledautomotivo.com.br\/wp-content\/uploads\/2023\/08\/1pc-25w-motocicleta-auto-led-farol-h1-h4-h7-h11-l-mpada-luzes-de-nevoeiro-cob.jpg?resize=100%2C100&amp;ssl=1 100w\" sizes=\"(max-width: 600px) 100vw, 600px\" \/><\/a>\n\t\t\t\t<\/div><\/div>\n\n\n\n<div class=\"wp-block-column is-vertically-aligned-center is-layout-flow wp-block-column-is-layout-flow\"><h2 style=\"margin-top:0;margin-right:0;margin-bottom:0;margin-left:0;\" class=\"has-text-align- wp-block-post-title\"><a href=\"https:\/\/ledautomotivo.com.br\/?product=1pc-25w-motocicleta-auto-led-farol-h1-h4-h7-h11-lampada-luzes-de-nevoeiro-cob-lampadas-led-luz-dianteira-do-farol-para-moto-holofotes-6000k-tipo-de-socket-h1\" target=\"_self\" >Super LED 8000 Lumens &#8211; Moto<\/a><\/h2>\n\n<div data-block-name=\"woocommerce\/product-price\" data-is-descendent-of-single-product-block=\"true\" class=\"wp-block-woocommerce-product-price\"><div class=\"wc-block-components-product-price wc-block-grid__product-price  \" style=\"\">\n\t\t\t\t\t<del aria-hidden=\"true\"><span class=\"woocommerce-Price-amount amount\"><bdi><span class=\"woocommerce-Price-currencySymbol\">&#82;&#36;<\/span>111,27<\/bdi><\/span><\/del> <ins><span class=\"woocommerce-Price-amount amount\"><bdi><span class=\"woocommerce-Price-currencySymbol\">&#82;&#36;<\/span>55,64<\/bdi><\/span><\/ins>\n\t\t\t\t<\/div><\/div>\n\n<div data-block-name=\"woocommerce\/product-button\" class=\"wp-block-button wc-block-components-product-button    align-\"\n\t\t\t\t\t\t\n\t\t\t\t\t>\n\t\t\t\t\t\t<a\n\t\t\t\t\t\t\thref=\"https:\/\/pt.aliexpress.com\/item\/1005002273629905.html?gatewayAdapt=glo2bra\"\n\t\t\t\t\t\t\tclass=\"wp-block-button__link wp-element-button wc-block-components-product-button__button product_type_external has-text-align- wc-interactive\"\n\t\t\t\t\t\t\tstyle=\"\"\n\t\t\t\t\t\t\tdata-product_id=\"174\" data-product_sku=\"12000019865244980\" aria-label=\"Comprar produto\" rel=\"nofollow\"\n\t\t\t\t\t\t\t\n\t\t\t\t\t\t>\n\t\t\t\t\t\t<span > Comprar produto <\/span>\n\t\t\t\t\t\t<\/a>\n\t\t\t\t\t\t\n\t\t\t\t\t<\/div>\n\n<div class=\"wp-block-post-excerpt\"><p class=\"wp-block-post-excerpt__excerpt\">1pc 25w motocicleta auto led farol h1 h4 h7 h11 l\u00e2mpada luzes de nevoeiro cob l\u00e2mpadas led luz dianteira do farol para moto holofotes 6000k Especifica\u00e7?Read More <\/p><\/div><\/div>\n<\/div>\n<\/div>\n\n\n<div class=\"wp-block-group alignfull has-contrast-color has-text-color is-vertical is-content-justification-center is-layout-flex wp-container-15 wp-block-group-is-layout-flex\" style=\"min-height:40vh;margin-top:0;margin-bottom:0;padding-top:var(--wp--preset--spacing--60);padding-right:var(--wp--preset--spacing--50);padding-bottom:var(--wp--preset--spacing--60);padding-left:var(--wp--preset--spacing--50)\"><div style=\"margin-bottom:6px;\" class=\"is-default-size aligncenter wp-block-site-logo\"><a href=\"https:\/\/ledautomotivo.com.br\/\" class=\"navbar-brand\" rel=\"home\"><img loading=\"lazy\" width=\"376\" height=\"110\" src=\"https:\/\/i0.wp.com\/ledautomotivo.com.br\/wp-content\/uploads\/2023\/08\/cropped-NovoLogo.png?fit=376%2C110&amp;ssl=1\" class=\"custom-logo\" alt=\"LED Automotivo\" decoding=\"async\" srcset=\"https:\/\/i0.wp.com\/ledautomotivo.com.br\/wp-content\/uploads\/2023\/08\/cropped-NovoLogo.png?w=376&amp;ssl=1 376w, https:\/\/i0.wp.com\/ledautomotivo.com.br\/wp-content\/uploads\/2023\/08\/cropped-NovoLogo.png?resize=300%2C88&amp;ssl=1 300w\" sizes=\"(max-width: 376px) 100vw, 376px\" \/><\/a><\/div>\n\n\n<p class=\"has-text-align-center has-medium-font-size\">Todos os direitos reservados para LED Automotivo 2023<\/p>\n\n\n\n<ul class=\"wp-block-social-links has-normal-icon-size is-style-logos-only is-nowrap is-layout-flex wp-container-14 wp-block-social-links-is-layout-flex\"><li class=\"wp-social-link wp-social-link-facebook  wp-block-social-link\"><a href=\"https:\/\/www.facebook.com\/ledautomotivo\" class=\"wp-block-social-link-anchor\"><svg width=\"24\" height=\"24\" viewBox=\"0 0 24 24\" version=\"1.1\" xmlns=\"http:\/\/www.w3.org\/2000\/svg\" aria-hidden=\"true\" focusable=\"false\"><path d=\"M12 2C6.5 2 2 6.5 2 12c0 5 3.7 9.1 8.4 9.9v-7H7.9V12h2.5V9.8c0-2.5 1.5-3.9 3.8-3.9 1.1 0 2.2.2 2.2.2v2.5h-1.3c-1.2 0-1.6.8-1.6 1.6V12h2.8l-.4 2.9h-2.3v7C18.3 21.1 22 17 22 12c0-5.5-4.5-10-10-10z\"><\/path><\/svg><span class=\"wp-block-social-link-label screen-reader-text\">Facebook<\/span><\/a><\/li><\/ul>\n<\/div>\n","protected":false},"excerpt":{"rendered":"<div class=\"slide-text-bg2\"><span>Novos produtos Todos os direitos reservados para LED Automotivo 2023<\/span><\/div>\n","protected":false},"author":1,"featured_media":0,"parent":0,"menu_order":0,"comment_status":"closed","ping_status":"closed","template":"","meta":{"footnotes":""},"jetpack_sharing_enabled":true,"_links":{"self":[{"href":"https:\/\/ledautomotivo.com.br\/index.php?rest_route=\/wp\/v2\/pages\/25"}],"collection":[{"href":"https:\/\/ledautomotivo.com.br\/index.php?rest_route=\/wp\/v2\/pages"}],"about":[{"href":"https:\/\/ledautomotivo.com.br\/index.php?rest_route=\/wp\/v2\/types\/page"}],"author":[{"embeddable":true,"href":"https:\/\/ledautomotivo.com.br\/index.php?rest_route=\/wp\/v2\/users\/1"}],"replies":[{"embeddable":true,"href":"https:\/\/ledautomotivo.com.br\/index.php?rest_route=%2Fwp%2Fv2%2Fcomments&post=25"}],"version-history":[{"count":23,"href":"https:\/\/ledautomotivo.com.br\/index.php?rest_route=\/wp\/v2\/pages\/25\/revisions"}],"predecessor-version":[{"id":220,"href":"https:\/\/ledautomotivo.com.br\/index.php?rest_route=\/wp\/v2\/pages\/25\/revisions\/220"}],"wp:attachment":[{"href":"https:\/\/ledautomotivo.com.br\/index.php?rest_route=%2Fwp%2Fv2%2Fmedia&parent=25"}],"curies":[{"name":"wp","href":"https:\/\/api.w.org\/{rel}","templated":true}]}}