{"id":172,"date":"2023-08-23T12:52:23","date_gmt":"2023-08-23T15:52:23","guid":{"rendered":"https:\/\/ledautomotivo.com.br\/?post_type=product&#038;p=172"},"modified":"2023-08-23T15:08:10","modified_gmt":"2023-08-23T18:08:10","slug":"soleira-de-led-com-efeito-dinamico-hyundai-creta","status":"publish","type":"product","link":"https:\/\/ledautomotivo.com.br\/?product=soleira-de-led-com-efeito-dinamico-hyundai-creta","title":{"rendered":"Soleira de LED com efeito din\u00e2mico &#8211; Hyundai Creta"},"content":{"rendered":"<p><img decoding=\"async\" src=\"https:\/\/i0.wp.com\/ae01.alicdn.com\/kf\/HTB1G7zbKkCWBuNjy0Faq6xUlXXat.jpg?ssl=1\" data-recalc-dims=\"1\" \/><\/p>\n<p><img decoding=\"async\" src=\"https:\/\/i0.wp.com\/ae01.alicdn.com\/kf\/HTB1cgMzc56guuRjy1Xdq6yAwpXaC.jpg?ssl=1\" data-recalc-dims=\"1\" \/><\/p>\n<p><img decoding=\"async\" src=\"https:\/\/i0.wp.com\/ae01.alicdn.com\/kf\/HTB1CpSRKeSSBuNjy0Flq6zBpVXat.jpg?ssl=1\" data-recalc-dims=\"1\" \/><\/p>\n<p><img decoding=\"async\" src=\"https:\/\/i0.wp.com\/ae01.alicdn.com\/kf\/HTB11_mQqRjTBKNjSZFwq6AG4XXa4.jpg?ssl=1\" data-recalc-dims=\"1\" \/><\/p>\n<p><img decoding=\"async\" src=\"https:\/\/i0.wp.com\/ae01.alicdn.com\/kf\/HTB14CJIKkKWBuNjy1zjq6AOypXag.jpg?ssl=1\" data-recalc-dims=\"1\" \/><\/p>\n<p><img decoding=\"async\" src=\"https:\/\/i0.wp.com\/ae01.alicdn.com\/kf\/Hec68eeabc3144b629133d5d281bd03664.jpg\" data-recalc-dims=\"1\" \/> <img decoding=\"async\" src=\"https:\/\/i0.wp.com\/ae01.alicdn.com\/kf\/H6d3075d2088547d5bd391dbbd316cecfR.jpg\" data-recalc-dims=\"1\" \/> <img decoding=\"async\" src=\"https:\/\/i0.wp.com\/ae01.alicdn.com\/kf\/HTB1lgMzc56guuRjy1Xdq6yAwpXa7.jpg?ssl=1\" data-recalc-dims=\"1\" \/><\/p>\n<p><img decoding=\"async\" src=\"https:\/\/i0.wp.com\/ae01.alicdn.com\/kf\/HTB1mKCHKbGYBuNjy0Foq6AiBFXaT.jpg?ssl=1\" data-recalc-dims=\"1\" \/><\/p>\n<p>* Expedi\u00e7\u00e3o<\/p>\n<p>&#8212; 1 dhl\/ups\/fedex\/tnt\/:3-7 dias \u00fateis, ems: 7-14 dias \u00fateis, correio a\u00e9reo da china leva 15-60 dias \u00fateis em cima<\/p>\n<p>Pa\u00edses diferentes. n\u00e3o podemos ser responsabilizados por atrasos causados pelo seu servi\u00e7o de correios local ou internacional<\/p>\n<p>Inspe\u00e7\u00f5es alfandeg\u00e1rias.<\/p>\n<p>&#8212; 2 reservamo-nos o direito de determinar o melhor m\u00e9todo de envio e transportadora dispon\u00edvel.<\/p>\n<p>&#8212; 3 se as remessas de encomendas da china, gerado imposto do cliente em tr\u00e2nsito, suportado pelo comprador.<\/p>\n<p>&nbsp;<\/p>\n<p>* Suporte de suporte<\/p>\n<p>&#8212; Mensagens com detalhes de envio ser\u00e3o enviadas para voc\u00ea ap\u00f3s o envio. Por favor, responda a essa mensagem para entrar em contato conosco para<\/p>\n<p>Qualquer pergunta. Nosso servi\u00e7o ao cliente responder\u00e1 sua mensagem dentro de 24 horas e faremos nosso melhor para ajud\u00e1-lo.<\/p>\n<p>&nbsp;<\/p>\n<p>* Garantia<\/p>\n<p>&#8212; Se houver qualquer problema no processo, por favor entre em contato conosco na primeira vez, n\u00f3s faremos o nosso melhor para ajud\u00e1-lo a resolver o problema.<\/p>\n<p>Antes de dar solu\u00e7\u00f5es, por favor n\u00e3o abra a disputa ou deixe uma avalia\u00e7\u00e3o ruim, a ordem de disputas e a m\u00e1 revis\u00e3o<\/p>\n<p>N\u00e3o pode desfrutar de nosso servi\u00e7o de garantia!<\/p>\n<p>&nbsp;<\/p>\n<p>* Pol\u00edtica de devolu\u00e7\u00e3o<\/p>\n<p>&#8212; 1 produtos podem ser devolvidos para reembolso ou substitui\u00e7\u00e3o no prazo de 7 dias a partir da data de compra. Mercadoria devolvida em<\/p>\n<p>Deve ser n\u00e3o utilizado, na embalagem original e incluir todos os acess\u00f3rios. Os custos de envio n\u00e3o s\u00e3o reembols\u00e1veis.<\/p>\n<p>&#8212; 2 entre em contato com o vendedor antes de qualquer retorno. O vendedor fornecer\u00e1 autoriza\u00e7\u00e3o de devolu\u00e7\u00e3o de mercadorias (rma) ao comprador.<\/p>\n<p>Todos os produtos devolvidos ao vendedor sem rma ser\u00e3o anulados. Forne\u00e7a o c\u00f3digo de rastreamento da devolu\u00e7\u00e3o para processar mais rapidamente o reembolso.<\/p>\n<p>&#8212; 3 n\u00f3s empregaremos todos os recursos para garantir que seu retorno seja processado prontamente e sem problemas. Por favor entre em contato<\/p>\n<p>N\u00f3s para quaisquer problemas de produto ou servi\u00e7o antes de escalar para aliexpress para solu\u00e7\u00e3o.<\/p>\n<p>&nbsp;<\/p>\n<p>* Feedback e classifica\u00e7\u00e3o<\/p>\n<p>&#8212; Seu feedback \u00e9 muito importante para o desenvolvimento do nosso neg\u00f3cio.<\/p>\n<p>&#8212; Se voc\u00ea tiver quaisquer problemas com nossos itens ou servi\u00e7o, apenas sinta-se livre para entrar em contato conosco em primeiro lugar antes de deixar qualquer neutro<\/p>\n<p>Ou feedback negativo, faremos o nosso melhor para garantir a sua satisfa\u00e7\u00e3o.<\/p>\n<p><img decoding=\"async\" src=\"https:\/\/i0.wp.com\/ae01.alicdn.com\/kf\/Hf490985b0f2f4b409d92d2fac044f215a\/4-p-s-acr-lico-din-mico-led-pedal-bem-vindo-do-carro-placa-de-chinelo.jpg?ssl=1\" data-recalc-dims=\"1\" \/> \/&gt;<\/p>\n<p><img decoding=\"async\" src=\"https:\/\/i0.wp.com\/ae01.alicdn.com\/kf\/Hccd6761df4b0410984d00001f61006dag\/4-p-s-acr-lico-din-mico-led-pedal-bem-vindo-do-carro-placa-de-chinelo.jpg?ssl=1\" data-recalc-dims=\"1\" \/> \/&gt;<\/p>\n<p><img decoding=\"async\" src=\"https:\/\/i0.wp.com\/ae01.alicdn.com\/kf\/Hbeb453ea1f6046b9896345a81ed4efebZ\/4-p-s-acr-lico-din-mico-led-pedal-bem-vindo-do-carro-placa-de-chinelo.jpg?ssl=1\" data-recalc-dims=\"1\" \/> \/&gt;<\/p>\n<p><img decoding=\"async\" src=\"https:\/\/i0.wp.com\/ae01.alicdn.com\/kf\/H1e0c7f66de23472fb7d5faeadb57c035x\/4-p-s-acr-lico-din-mico-led-pedal-bem-vindo-do-carro-placa-de-chinelo.jpg?ssl=1\" data-recalc-dims=\"1\" \/> \/&gt;<\/p>\n<p><img decoding=\"async\" src=\"https:\/\/i0.wp.com\/ae01.alicdn.com\/kf\/Hd72fd2eeee92415c85d9257c2915d209s\/4-p-s-acr-lico-din-mico-led-pedal-bem-vindo-do-carro-placa-de-chinelo.jpg?ssl=1\" data-recalc-dims=\"1\" \/> \/&gt;<\/p>\n<p><img decoding=\"async\" src=\"https:\/\/i0.wp.com\/ae01.alicdn.com\/kf\/H6a3b153068044e1399a7ba94c18e22c4K\/4-p-s-acr-lico-din-mico-led-pedal-bem-vindo-do-carro-placa-de-chinelo.jpg?ssl=1\" data-recalc-dims=\"1\" \/> \/&gt;<\/p>\n","protected":false},"excerpt":{"rendered":"<div class=\"slide-text-bg2\"><span>* Expedi\u00e7\u00e3o &#8212; 1 dhl\/ups\/fedex\/tnt\/:3-7 dias \u00fateis, ems: 7-14 dias \u00fateis, correio a\u00e9reo da china leva 15-60 dias \u00fateis em cima Pa\u00edses diferente<\/span><\/div>\n<div class=\"slide-btn-area-sm\"><a href=\"https:\/\/ledautomotivo.com.br\/?product=soleira-de-led-com-efeito-dinamico-hyundai-creta\" class=\"slide-btn-sm\">Read More<\/a><\/div>\n","protected":false},"featured_media":171,"comment_status":"open","ping_status":"closed","template":"","meta":[],"product_cat":[22],"product_tag":[],"jetpack_sharing_enabled":true,"_links":{"self":[{"href":"https:\/\/ledautomotivo.com.br\/index.php?rest_route=\/wp\/v2\/product\/172"}],"collection":[{"href":"https:\/\/ledautomotivo.com.br\/index.php?rest_route=\/wp\/v2\/product"}],"about":[{"href":"https:\/\/ledautomotivo.com.br\/index.php?rest_route=\/wp\/v2\/types\/product"}],"replies":[{"embeddable":true,"href":"https:\/\/ledautomotivo.com.br\/index.php?rest_route=%2Fwp%2Fv2%2Fcomments&post=172"}],"wp:featuredmedia":[{"embeddable":true,"href":"https:\/\/ledautomotivo.com.br\/index.php?rest_route=\/wp\/v2\/media\/171"}],"wp:attachment":[{"href":"https:\/\/ledautomotivo.com.br\/index.php?rest_route=%2Fwp%2Fv2%2Fmedia&parent=172"}],"wp:term":[{"taxonomy":"product_cat","embeddable":true,"href":"https:\/\/ledautomotivo.com.br\/index.php?rest_route=%2Fwp%2Fv2%2Fproduct_cat&post=172"},{"taxonomy":"product_tag","embeddable":true,"href":"https:\/\/ledautomotivo.com.br\/index.php?rest_route=%2Fwp%2Fv2%2Fproduct_tag&post=172"}],"curies":[{"name":"wp","href":"https:\/\/api.w.org\/{rel}","templated":true}]}}