{"id":205,"date":"2023-08-28T18:00:56","date_gmt":"2023-08-28T21:00:56","guid":{"rendered":"https:\/\/ledautomotivo.com.br\/?post_type=product&#038;p=205"},"modified":"2023-08-28T18:05:43","modified_gmt":"2023-08-28T21:05:43","slug":"super-led-4-000-lumens","status":"publish","type":"product","link":"https:\/\/ledautomotivo.com.br\/?product=super-led-4-000-lumens","title":{"rendered":"Super LED 4.000 Lumens"},"content":{"rendered":"<p><strong>AUXITO 2Pcs H11 L\u00e2mpadas de nevoeiro LED H8 H9 9006 HB4 9005 HB3 LED 12V DRL Car Daytime Running Auto L\u00e2mpada 6500K Branco 3000K Amarelo<\/strong><\/p>\n<p><strong>Artigo Especifica\u00e7\u00e3o<\/strong><\/p>\n<p>Soquete: H8 H11 H16JP H10 9006 HB4 9005 HB3<\/p>\n<p>Energia: 20 w\/pcs<\/p>\n<p>Chip LED: Chip CSP 1860<\/p>\n<p>L\u00famen: 2000LM\/bulbo, 4000LM\/set<\/p>\n<p>Tempo: &gt;30000hrs<\/p>\n<p>\u00c2ngulo do feixe: 360 graus<\/p>\n<p>Cor Temperatura: 6500K branco\/3000K amarelo dourado<\/p>\n<p>Tens\u00e3o operacional: DC 12 V<\/p>\n<p>Classifica\u00e7\u00e3o IP: IP65 imperme\u00e1vel<\/p>\n<p>Projeto do corpo: Projeto sem fio, plug &amp; play<\/p>\n<p>Temperatura operacional: -40 graus ~ + 80 graus<\/p>\n<p>Material: Avia\u00e7\u00e3o Alum\u00ednio 6063<\/p>\n<p><strong>Caracter\u00edsticas do item:<\/strong><\/p>\n<p>Teoria Dissipa\u00e7\u00e3o Calor: Avia\u00e7\u00e3o alum\u00ednio 6063<\/p>\n<p>Modelos apropriados do carro: Esta luz conduzida cabida para a maioria de sistema do canbus\/decodificador.<\/p>\n<p>Normalmente, o poder real seria 80 ~ 90% do poder da teoria, \u00e9 normal.<\/p>\n<p><strong>Por que escolher este nevoeiro luz?<\/strong><\/p>\n<p>1. Tamanho real 1 : 1 como bulbos do halog\u00eanio do OEM<\/p>\n<p>2. CSP 1860 chips padr\u00e3o, sem ilumina\u00e7\u00e3o sombra<\/p>\n<p>3. Nenhum projeto do f\u00e3, f\u00e1cil instalar.<\/p>\n<p>Qualidade 4. Super com pre\u00e7o barato<\/p>\n<p>5. 1 garantia do ano<\/p>\n<p><strong>Embalagem inclu\u00eddo: 2pcs levou nevoeiro luz<\/strong><\/p>\n<p><img decoding=\"async\" src=\"https:\/\/i0.wp.com\/ae01.alicdn.com\/kf\/H63c34e26b0cb4aa5a97d2d85032570a4G.jpg?ssl=1\" data-recalc-dims=\"1\" \/><\/p>\n<p><strong>2 cores para que voc\u00ea escolha<\/strong><\/p>\n<p><strong>Branco 6500K:<\/strong><\/p>\n<p><img decoding=\"async\" src=\"https:\/\/i0.wp.com\/ae01.alicdn.com\/kf\/Hb2f8ee40030e42959c84d22b68966283J.jpg?ssl=1\" data-recalc-dims=\"1\" \/><\/p>\n<p><strong>3000K Amarelo dourado<\/strong><\/p>\n<p><img decoding=\"async\" src=\"https:\/\/i0.wp.com\/ae01.alicdn.com\/kf\/Hedc649601403436ab3427365a997f0648.jpg?ssl=1\" data-recalc-dims=\"1\" \/><\/p>\n<p><strong>&gt;&gt; 1:1 mesmo projeto do feixe<\/strong><\/p>\n<p>\u25cf Brilhante sem bilnding ve\u00edculos pr\u00f3ximos<\/p>\n<p>\u25cf Sem sopt escuro, sem sombra<\/p>\n<p><img decoding=\"async\" src=\"https:\/\/i0.wp.com\/ae01.alicdn.com\/kf\/Hceadd038ec88498d9a17547eac3dea32s.jpg?ssl=1\" data-recalc-dims=\"1\" \/><\/p>\n<p><strong>&gt;&gt; Chip LED personalizado<\/strong><\/p>\n<p>\u25cf 2 chips CSP lados<\/p>\n<p>\u25cf 300% mais brilhante do que os bulbos do halog\u00eanio<\/p>\n<p>\u25cf 6500K Xenon branco, melhor visibilidade<\/p>\n<p><img decoding=\"async\" src=\"https:\/\/i0.wp.com\/ae01.alicdn.com\/kf\/H6cae4f3f01ac4d15ba3b036e149372450.jpg?ssl=1\" data-recalc-dims=\"1\" \/><\/p>\n<p><strong>&gt;&gt; 360 \u00b0 ilumina\u00e7\u00e3o do grau:<\/strong><\/p>\n<p><img decoding=\"async\" src=\"https:\/\/i0.wp.com\/ae01.alicdn.com\/kf\/H84eec3bb11144ed1a493f4c55017a702F.jpg?ssl=1\" data-recalc-dims=\"1\" \/><\/p>\n<p><strong>&gt;&gt; 30000 horas Tempo longo<\/strong><\/p>\n<p><img decoding=\"async\" src=\"https:\/\/i0.wp.com\/ae01.alicdn.com\/kf\/H4d80110685a84f40841154144e79ac3dj.jpg?ssl=1\" data-recalc-dims=\"1\" \/><\/p>\n<p><strong>&gt;&gt; F\u00e1cil instala\u00e7\u00e3o<\/strong><\/p>\n<p><img decoding=\"async\" src=\"https:\/\/i0.wp.com\/ae01.alicdn.com\/kf\/Hd244a67564a3499eb82bbe8b23c51cf1g.jpg?ssl=1\" data-recalc-dims=\"1\" \/><\/p>\n<p><strong>&gt;&gt; Durabilidade Superior<\/strong><\/p>\n<p><img decoding=\"async\" src=\"https:\/\/i0.wp.com\/ae01.alicdn.com\/kf\/Hadeae909c0ec40889d4172d2b8b1754fU.jpg?ssl=1\" data-recalc-dims=\"1\" \/><\/p>\n<p><img decoding=\"async\" src=\"https:\/\/i0.wp.com\/ae01.alicdn.com\/kf\/H876131e633a94520b56f6448f7a00b8de.jpg?ssl=1\" data-recalc-dims=\"1\" \/><img decoding=\"async\" src=\"https:\/\/i0.wp.com\/ae01.alicdn.com\/kf\/H60f86bab2b784a009dd99e72ce2c3b7e6.jpg?ssl=1\" data-recalc-dims=\"1\" \/><\/p>\n<p>&nbsp;<\/p>\n","protected":false},"excerpt":{"rendered":"<div class=\"slide-text-bg2\"><span>AUXITO 2Pcs H11 L\u00e2mpadas de nevoeiro LED H8 H9 9006 HB4 9005 HB3 LED 12V DRL Car Daytime Running Auto L\u00e2mpada 6500K Branco 3000K Amarelo Artigo Especific<\/span><\/div>\n<div class=\"slide-btn-area-sm\"><a href=\"https:\/\/ledautomotivo.com.br\/?product=super-led-4-000-lumens\" class=\"slide-btn-sm\">Read More<\/a><\/div>\n","protected":false},"featured_media":204,"comment_status":"open","ping_status":"closed","template":"","meta":[],"product_cat":[18],"product_tag":[],"jetpack_sharing_enabled":true,"_links":{"self":[{"href":"https:\/\/ledautomotivo.com.br\/index.php?rest_route=\/wp\/v2\/product\/205"}],"collection":[{"href":"https:\/\/ledautomotivo.com.br\/index.php?rest_route=\/wp\/v2\/product"}],"about":[{"href":"https:\/\/ledautomotivo.com.br\/index.php?rest_route=\/wp\/v2\/types\/product"}],"replies":[{"embeddable":true,"href":"https:\/\/ledautomotivo.com.br\/index.php?rest_route=%2Fwp%2Fv2%2Fcomments&post=205"}],"wp:featuredmedia":[{"embeddable":true,"href":"https:\/\/ledautomotivo.com.br\/index.php?rest_route=\/wp\/v2\/media\/204"}],"wp:attachment":[{"href":"https:\/\/ledautomotivo.com.br\/index.php?rest_route=%2Fwp%2Fv2%2Fmedia&parent=205"}],"wp:term":[{"taxonomy":"product_cat","embeddable":true,"href":"https:\/\/ledautomotivo.com.br\/index.php?rest_route=%2Fwp%2Fv2%2Fproduct_cat&post=205"},{"taxonomy":"product_tag","embeddable":true,"href":"https:\/\/ledautomotivo.com.br\/index.php?rest_route=%2Fwp%2Fv2%2Fproduct_tag&post=205"}],"curies":[{"name":"wp","href":"https:\/\/api.w.org\/{rel}","templated":true}]}}