{"id":44,"date":"2023-08-21T12:03:31","date_gmt":"2023-08-21T15:03:31","guid":{"rendered":"http:\/\/ledautomotivo.com.br\/?post_type=product&#038;p=44"},"modified":"2023-08-22T15:12:24","modified_gmt":"2023-08-22T18:12:24","slug":"drl-honda-civic-2021","status":"publish","type":"product","link":"https:\/\/ledautomotivo.com.br\/?product=drl-honda-civic-2021","title":{"rendered":"DRL Honda Civic 2021"},"content":{"rendered":"<p>DRL Honda Civic acompanha chicote para instala\u00e7\u00e3o e o produto se encaixa perfeitamente no ve\u00edculo garantido a originalidade.<\/p>\n<p>Produto e vendedor do Aliexpress recomendado pelo LED Automotivo, temos clientes que j\u00e1 instalaram e ficaram muito satisfeito com o resultado.<\/p>\n<p><img decoding=\"async\" loading=\"lazy\" class=\"alignnone size-medium wp-image-45\" src=\"https:\/\/i0.wp.com\/ledautomotivo-com-br.preview-domain.com\/wp-content\/uploads\/2023\/08\/0-main-luz-de-sobrancelha-fluxo-de-agua-luz-diurna-drl-com-sinal-de-giro-amarelo-honda-civic-2016-2017-300x300.png?resize=300%2C300\" alt=\"\" width=\"300\" height=\"300\" srcset=\"https:\/\/i0.wp.com\/ledautomotivo.com.br\/wp-content\/uploads\/2023\/08\/0-main-luz-de-sobrancelha-fluxo-de-agua-luz-diurna-drl-com-sinal-de-giro-amarelo-honda-civic-2016-2017.png?resize=300%2C300&amp;ssl=1 300w, https:\/\/i0.wp.com\/ledautomotivo.com.br\/wp-content\/uploads\/2023\/08\/0-main-luz-de-sobrancelha-fluxo-de-agua-luz-diurna-drl-com-sinal-de-giro-amarelo-honda-civic-2016-2017.png?resize=150%2C150&amp;ssl=1 150w, https:\/\/i0.wp.com\/ledautomotivo.com.br\/wp-content\/uploads\/2023\/08\/0-main-luz-de-sobrancelha-fluxo-de-agua-luz-diurna-drl-com-sinal-de-giro-amarelo-honda-civic-2016-2017.png?resize=768%2C768&amp;ssl=1 768w, https:\/\/i0.wp.com\/ledautomotivo.com.br\/wp-content\/uploads\/2023\/08\/0-main-luz-de-sobrancelha-fluxo-de-agua-luz-diurna-drl-com-sinal-de-giro-amarelo-honda-civic-2016-2017.png?resize=600%2C600&amp;ssl=1 600w, https:\/\/i0.wp.com\/ledautomotivo.com.br\/wp-content\/uploads\/2023\/08\/0-main-luz-de-sobrancelha-fluxo-de-agua-luz-diurna-drl-com-sinal-de-giro-amarelo-honda-civic-2016-2017.png?resize=100%2C100&amp;ssl=1 100w, https:\/\/i0.wp.com\/ledautomotivo.com.br\/wp-content\/uploads\/2023\/08\/0-main-luz-de-sobrancelha-fluxo-de-agua-luz-diurna-drl-com-sinal-de-giro-amarelo-honda-civic-2016-2017.png?w=800&amp;ssl=1 800w\" sizes=\"(max-width: 300px) 100vw, 300px\" data-recalc-dims=\"1\" \/> <img decoding=\"async\" loading=\"lazy\" class=\"alignnone size-medium wp-image-46\" src=\"https:\/\/i0.wp.com\/ledautomotivo-com-br.preview-domain.com\/wp-content\/uploads\/2023\/08\/2-main-luz-de-sobrancelha-fluxo-de-agua-luz-diurna-drl-com-sinal-de-giro-amarelo-honda-civic-2016-2017-300x300.png?resize=300%2C300\" alt=\"\" width=\"300\" height=\"300\" srcset=\"https:\/\/i0.wp.com\/ledautomotivo.com.br\/wp-content\/uploads\/2023\/08\/2-main-luz-de-sobrancelha-fluxo-de-agua-luz-diurna-drl-com-sinal-de-giro-amarelo-honda-civic-2016-2017.png?resize=300%2C300&amp;ssl=1 300w, https:\/\/i0.wp.com\/ledautomotivo.com.br\/wp-content\/uploads\/2023\/08\/2-main-luz-de-sobrancelha-fluxo-de-agua-luz-diurna-drl-com-sinal-de-giro-amarelo-honda-civic-2016-2017.png?resize=150%2C150&amp;ssl=1 150w, https:\/\/i0.wp.com\/ledautomotivo.com.br\/wp-content\/uploads\/2023\/08\/2-main-luz-de-sobrancelha-fluxo-de-agua-luz-diurna-drl-com-sinal-de-giro-amarelo-honda-civic-2016-2017.png?resize=768%2C768&amp;ssl=1 768w, https:\/\/i0.wp.com\/ledautomotivo.com.br\/wp-content\/uploads\/2023\/08\/2-main-luz-de-sobrancelha-fluxo-de-agua-luz-diurna-drl-com-sinal-de-giro-amarelo-honda-civic-2016-2017.png?resize=600%2C600&amp;ssl=1 600w, https:\/\/i0.wp.com\/ledautomotivo.com.br\/wp-content\/uploads\/2023\/08\/2-main-luz-de-sobrancelha-fluxo-de-agua-luz-diurna-drl-com-sinal-de-giro-amarelo-honda-civic-2016-2017.png?resize=100%2C100&amp;ssl=1 100w, https:\/\/i0.wp.com\/ledautomotivo.com.br\/wp-content\/uploads\/2023\/08\/2-main-luz-de-sobrancelha-fluxo-de-agua-luz-diurna-drl-com-sinal-de-giro-amarelo-honda-civic-2016-2017.png?w=800&amp;ssl=1 800w\" sizes=\"(max-width: 300px) 100vw, 300px\" data-recalc-dims=\"1\" \/> <img decoding=\"async\" loading=\"lazy\" class=\"alignnone size-medium wp-image-47\" src=\"https:\/\/i0.wp.com\/ledautomotivo-com-br.preview-domain.com\/wp-content\/uploads\/2023\/08\/1-main-luz-de-sobrancelha-fluxo-de-agua-luz-diurna-drl-com-sinal-de-giro-amarelo-honda-civic-2016-2017-300x300.png?resize=300%2C300\" alt=\"\" width=\"300\" height=\"300\" srcset=\"https:\/\/i0.wp.com\/ledautomotivo.com.br\/wp-content\/uploads\/2023\/08\/1-main-luz-de-sobrancelha-fluxo-de-agua-luz-diurna-drl-com-sinal-de-giro-amarelo-honda-civic-2016-2017.png?resize=300%2C300&amp;ssl=1 300w, https:\/\/i0.wp.com\/ledautomotivo.com.br\/wp-content\/uploads\/2023\/08\/1-main-luz-de-sobrancelha-fluxo-de-agua-luz-diurna-drl-com-sinal-de-giro-amarelo-honda-civic-2016-2017.png?resize=150%2C150&amp;ssl=1 150w, https:\/\/i0.wp.com\/ledautomotivo.com.br\/wp-content\/uploads\/2023\/08\/1-main-luz-de-sobrancelha-fluxo-de-agua-luz-diurna-drl-com-sinal-de-giro-amarelo-honda-civic-2016-2017.png?resize=768%2C768&amp;ssl=1 768w, https:\/\/i0.wp.com\/ledautomotivo.com.br\/wp-content\/uploads\/2023\/08\/1-main-luz-de-sobrancelha-fluxo-de-agua-luz-diurna-drl-com-sinal-de-giro-amarelo-honda-civic-2016-2017.png?resize=600%2C600&amp;ssl=1 600w, https:\/\/i0.wp.com\/ledautomotivo.com.br\/wp-content\/uploads\/2023\/08\/1-main-luz-de-sobrancelha-fluxo-de-agua-luz-diurna-drl-com-sinal-de-giro-amarelo-honda-civic-2016-2017.png?resize=100%2C100&amp;ssl=1 100w, https:\/\/i0.wp.com\/ledautomotivo.com.br\/wp-content\/uploads\/2023\/08\/1-main-luz-de-sobrancelha-fluxo-de-agua-luz-diurna-drl-com-sinal-de-giro-amarelo-honda-civic-2016-2017.png?w=800&amp;ssl=1 800w\" sizes=\"(max-width: 300px) 100vw, 300px\" data-recalc-dims=\"1\" \/> <img decoding=\"async\" loading=\"lazy\" class=\"alignnone size-medium wp-image-48\" src=\"https:\/\/i0.wp.com\/ledautomotivo-com-br.preview-domain.com\/wp-content\/uploads\/2023\/08\/3-main-luz-de-sobrancelha-fluxo-de-agua-luz-diurna-drl-com-sinal-de-giro-amarelo-honda-civic-2016-2017-300x300.png?resize=300%2C300\" alt=\"\" width=\"300\" height=\"300\" srcset=\"https:\/\/i0.wp.com\/ledautomotivo.com.br\/wp-content\/uploads\/2023\/08\/3-main-luz-de-sobrancelha-fluxo-de-agua-luz-diurna-drl-com-sinal-de-giro-amarelo-honda-civic-2016-2017.png?resize=300%2C300&amp;ssl=1 300w, https:\/\/i0.wp.com\/ledautomotivo.com.br\/wp-content\/uploads\/2023\/08\/3-main-luz-de-sobrancelha-fluxo-de-agua-luz-diurna-drl-com-sinal-de-giro-amarelo-honda-civic-2016-2017.png?resize=150%2C150&amp;ssl=1 150w, https:\/\/i0.wp.com\/ledautomotivo.com.br\/wp-content\/uploads\/2023\/08\/3-main-luz-de-sobrancelha-fluxo-de-agua-luz-diurna-drl-com-sinal-de-giro-amarelo-honda-civic-2016-2017.png?resize=768%2C768&amp;ssl=1 768w, https:\/\/i0.wp.com\/ledautomotivo.com.br\/wp-content\/uploads\/2023\/08\/3-main-luz-de-sobrancelha-fluxo-de-agua-luz-diurna-drl-com-sinal-de-giro-amarelo-honda-civic-2016-2017.png?resize=600%2C600&amp;ssl=1 600w, https:\/\/i0.wp.com\/ledautomotivo.com.br\/wp-content\/uploads\/2023\/08\/3-main-luz-de-sobrancelha-fluxo-de-agua-luz-diurna-drl-com-sinal-de-giro-amarelo-honda-civic-2016-2017.png?resize=100%2C100&amp;ssl=1 100w, https:\/\/i0.wp.com\/ledautomotivo.com.br\/wp-content\/uploads\/2023\/08\/3-main-luz-de-sobrancelha-fluxo-de-agua-luz-diurna-drl-com-sinal-de-giro-amarelo-honda-civic-2016-2017.png?w=800&amp;ssl=1 800w\" sizes=\"(max-width: 300px) 100vw, 300px\" data-recalc-dims=\"1\" \/> <img decoding=\"async\" loading=\"lazy\" class=\"alignnone size-medium wp-image-49\" src=\"https:\/\/i0.wp.com\/ledautomotivo-com-br.preview-domain.com\/wp-content\/uploads\/2023\/08\/4-main-luz-de-sobrancelha-fluxo-de-agua-luz-diurna-drl-com-sinal-de-giro-amarelo-honda-civic-2016-2017-300x200.png?resize=300%2C200\" alt=\"\" width=\"300\" height=\"200\" srcset=\"https:\/\/i0.wp.com\/ledautomotivo.com.br\/wp-content\/uploads\/2023\/08\/4-main-luz-de-sobrancelha-fluxo-de-agua-luz-diurna-drl-com-sinal-de-giro-amarelo-honda-civic-2016-2017.png?resize=300%2C200&amp;ssl=1 300w, https:\/\/i0.wp.com\/ledautomotivo.com.br\/wp-content\/uploads\/2023\/08\/4-main-luz-de-sobrancelha-fluxo-de-agua-luz-diurna-drl-com-sinal-de-giro-amarelo-honda-civic-2016-2017.png?resize=768%2C513&amp;ssl=1 768w, https:\/\/i0.wp.com\/ledautomotivo.com.br\/wp-content\/uploads\/2023\/08\/4-main-luz-de-sobrancelha-fluxo-de-agua-luz-diurna-drl-com-sinal-de-giro-amarelo-honda-civic-2016-2017.png?resize=600%2C401&amp;ssl=1 600w, https:\/\/i0.wp.com\/ledautomotivo.com.br\/wp-content\/uploads\/2023\/08\/4-main-luz-de-sobrancelha-fluxo-de-agua-luz-diurna-drl-com-sinal-de-giro-amarelo-honda-civic-2016-2017.png?w=800&amp;ssl=1 800w\" sizes=\"(max-width: 300px) 100vw, 300px\" data-recalc-dims=\"1\" \/> <img decoding=\"async\" loading=\"lazy\" class=\"alignnone size-medium wp-image-50\" src=\"https:\/\/i0.wp.com\/ledautomotivo-com-br.preview-domain.com\/wp-content\/uploads\/2023\/08\/5-main-luz-de-sobrancelha-fluxo-de-agua-luz-diurna-drl-com-sinal-de-giro-amarelo-honda-civic-2016-2017-300x205.png?resize=300%2C205\" alt=\"\" width=\"300\" height=\"205\" srcset=\"https:\/\/i0.wp.com\/ledautomotivo.com.br\/wp-content\/uploads\/2023\/08\/5-main-luz-de-sobrancelha-fluxo-de-agua-luz-diurna-drl-com-sinal-de-giro-amarelo-honda-civic-2016-2017.png?resize=300%2C205&amp;ssl=1 300w, https:\/\/i0.wp.com\/ledautomotivo.com.br\/wp-content\/uploads\/2023\/08\/5-main-luz-de-sobrancelha-fluxo-de-agua-luz-diurna-drl-com-sinal-de-giro-amarelo-honda-civic-2016-2017.png?resize=768%2C524&amp;ssl=1 768w, https:\/\/i0.wp.com\/ledautomotivo.com.br\/wp-content\/uploads\/2023\/08\/5-main-luz-de-sobrancelha-fluxo-de-agua-luz-diurna-drl-com-sinal-de-giro-amarelo-honda-civic-2016-2017.png?resize=600%2C410&amp;ssl=1 600w, https:\/\/i0.wp.com\/ledautomotivo.com.br\/wp-content\/uploads\/2023\/08\/5-main-luz-de-sobrancelha-fluxo-de-agua-luz-diurna-drl-com-sinal-de-giro-amarelo-honda-civic-2016-2017.png?w=800&amp;ssl=1 800w\" sizes=\"(max-width: 300px) 100vw, 300px\" data-recalc-dims=\"1\" \/><\/p>\n","protected":false},"excerpt":{"rendered":"<div class=\"slide-text-bg2\"><span>https:\/\/youtu.be\/1mxudKwiN2g<\/span><\/div>\n","protected":false},"featured_media":45,"comment_status":"open","ping_status":"closed","template":"","meta":[],"product_cat":[19],"product_tag":[],"jetpack_sharing_enabled":true,"_links":{"self":[{"href":"https:\/\/ledautomotivo.com.br\/index.php?rest_route=\/wp\/v2\/product\/44"}],"collection":[{"href":"https:\/\/ledautomotivo.com.br\/index.php?rest_route=\/wp\/v2\/product"}],"about":[{"href":"https:\/\/ledautomotivo.com.br\/index.php?rest_route=\/wp\/v2\/types\/product"}],"replies":[{"embeddable":true,"href":"https:\/\/ledautomotivo.com.br\/index.php?rest_route=%2Fwp%2Fv2%2Fcomments&post=44"}],"wp:featuredmedia":[{"embeddable":true,"href":"https:\/\/ledautomotivo.com.br\/index.php?rest_route=\/wp\/v2\/media\/45"}],"wp:attachment":[{"href":"https:\/\/ledautomotivo.com.br\/index.php?rest_route=%2Fwp%2Fv2%2Fmedia&parent=44"}],"wp:term":[{"taxonomy":"product_cat","embeddable":true,"href":"https:\/\/ledautomotivo.com.br\/index.php?rest_route=%2Fwp%2Fv2%2Fproduct_cat&post=44"},{"taxonomy":"product_tag","embeddable":true,"href":"https:\/\/ledautomotivo.com.br\/index.php?rest_route=%2Fwp%2Fv2%2Fproduct_tag&post=44"}],"curies":[{"name":"wp","href":"https:\/\/api.w.org\/{rel}","templated":true}]}}