{"id":84,"date":"2023-08-22T17:23:10","date_gmt":"2023-08-22T20:23:10","guid":{"rendered":"https:\/\/ledautomotivo.com.br\/?post_type=product&#038;p=84"},"modified":"2023-08-22T17:29:21","modified_gmt":"2023-08-22T20:29:21","slug":"super-led-12000-lumens-6000k","status":"publish","type":"product","link":"https:\/\/ledautomotivo.com.br\/?product=super-led-12000-lumens-6000k","title":{"rendered":"Super LED 12000 Lumens 6000K"},"content":{"rendered":"<div class=\"detailmodule_text-image\">\n<p id=\"tl_1\" class=\"detail-desc-decorate-title\" data-spm-anchor-id=\"a2g0o.detail.1000023.i0.3cadhETqhETq4q\"><strong>L\u00e2mpada LED<\/strong><\/p>\n<p id=\"tl_2\" class=\"detail-desc-decorate-content\" data-spm-anchor-id=\"a2g0o.detail.1000023.i1.3cadhETqhETq4q\">Caracter\u00edsticas e especifica\u00e7\u00f5es:<\/p>\n<p>\u2022 Super brilhante com tecnologia focalizada nova do feixe e o teste padr\u00e3o claro perfeito<br \/>\n\u2022 Sistema de condu\u00e7\u00e3o t\u00e9rmica do perfil de alum\u00ednio tudo em um<br \/>\n\u2022 Alta velocidade mudo f\u00e3 (12000R\/Min) para arrefecimento mais r\u00e1pido<br \/>\n\u2022 2 anos de garantia e suporte vital\u00edcio<\/p>\n<p>Tipo do plugue:<br \/>\n\u2022 H4\/9004\/9007: Hi-Lo Beam (chips 3 lados)<br \/>\n\u2022 9006(HB4)\/9005(HB3)\/H11(H8 H9)\/H7\/H1\/H3\/880\/881: \u00fanico feixe (microplaquetas de 2 lados)<\/p>\n<p>Empacotamento:<br \/>\n\u2022 2 x l\u00e2mpadas LED farol<br \/>\n\u2022 1 x Ingl\u00eas instala\u00e7\u00e3o manual<\/p>\n<p>Nota: Estas l\u00e2mpadas LED funcionam na maioria dos ve\u00edculos, mas para alguns ve\u00edculos europeus com um sistema CANBUS, como Audi, BMW e Dodge. Voc\u00ea pode ter que instalar um decodificador para que as l\u00e2mpadas do farol funcionem normalmente.<\/p>\n<\/div>\n<div class=\"detailmodule_text-image\">\n<p id=\"tl_3\" class=\"detail-desc-decorate-title\">Fichas<\/p>\n<p id=\"tl_4\" class=\"detail-desc-decorate-content\">Volume menor, lumin\u00e2ncia alta. grande desempenho deconcentra\u00e7\u00e3o.<\/p>\n<\/div>\n<p><img decoding=\"async\" loading=\"lazy\" class=\"alignnone size-medium wp-image-85\" src=\"https:\/\/i0.wp.com\/ledautomotivo.com.br\/wp-content\/uploads\/2023\/08\/4-main-lampadas-led-do-farol-do-carro-luzes-de-nevoeiro-automatico-1515-chips-12000lm-6000k-12v-h4-h7-h11-h8-9006-hb4-h1-h3-hb3-h9-h27-pces-2.png?resize=300%2C300&#038;ssl=1\" alt=\"\" width=\"300\" height=\"300\" srcset=\"https:\/\/i0.wp.com\/ledautomotivo.com.br\/wp-content\/uploads\/2023\/08\/4-main-lampadas-led-do-farol-do-carro-luzes-de-nevoeiro-automatico-1515-chips-12000lm-6000k-12v-h4-h7-h11-h8-9006-hb4-h1-h3-hb3-h9-h27-pces-2.png?resize=300%2C300&amp;ssl=1 300w, https:\/\/i0.wp.com\/ledautomotivo.com.br\/wp-content\/uploads\/2023\/08\/4-main-lampadas-led-do-farol-do-carro-luzes-de-nevoeiro-automatico-1515-chips-12000lm-6000k-12v-h4-h7-h11-h8-9006-hb4-h1-h3-hb3-h9-h27-pces-2.png?resize=150%2C150&amp;ssl=1 150w, https:\/\/i0.wp.com\/ledautomotivo.com.br\/wp-content\/uploads\/2023\/08\/4-main-lampadas-led-do-farol-do-carro-luzes-de-nevoeiro-automatico-1515-chips-12000lm-6000k-12v-h4-h7-h11-h8-9006-hb4-h1-h3-hb3-h9-h27-pces-2.png?resize=768%2C768&amp;ssl=1 768w, https:\/\/i0.wp.com\/ledautomotivo.com.br\/wp-content\/uploads\/2023\/08\/4-main-lampadas-led-do-farol-do-carro-luzes-de-nevoeiro-automatico-1515-chips-12000lm-6000k-12v-h4-h7-h11-h8-9006-hb4-h1-h3-hb3-h9-h27-pces-2.png?resize=600%2C600&amp;ssl=1 600w, https:\/\/i0.wp.com\/ledautomotivo.com.br\/wp-content\/uploads\/2023\/08\/4-main-lampadas-led-do-farol-do-carro-luzes-de-nevoeiro-automatico-1515-chips-12000lm-6000k-12v-h4-h7-h11-h8-9006-hb4-h1-h3-hb3-h9-h27-pces-2.png?resize=100%2C100&amp;ssl=1 100w, https:\/\/i0.wp.com\/ledautomotivo.com.br\/wp-content\/uploads\/2023\/08\/4-main-lampadas-led-do-farol-do-carro-luzes-de-nevoeiro-automatico-1515-chips-12000lm-6000k-12v-h4-h7-h11-h8-9006-hb4-h1-h3-hb3-h9-h27-pces-2.png?w=1010&amp;ssl=1 1010w\" sizes=\"(max-width: 300px) 100vw, 300px\" data-recalc-dims=\"1\" \/> <img decoding=\"async\" loading=\"lazy\" class=\"alignnone size-medium wp-image-86\" src=\"https:\/\/i0.wp.com\/ledautomotivo.com.br\/wp-content\/uploads\/2023\/08\/0-main-lampadas-led-do-farol-do-carro-luzes-de-nevoeiro-automatico-1515-chips-12000lm-6000k-12v-h4-h7-h11-h8-9006-hb4-h1-h3-hb3-h9-h27-pces-2.png?resize=300%2C300&#038;ssl=1\" alt=\"\" width=\"300\" height=\"300\" srcset=\"https:\/\/i0.wp.com\/ledautomotivo.com.br\/wp-content\/uploads\/2023\/08\/0-main-lampadas-led-do-farol-do-carro-luzes-de-nevoeiro-automatico-1515-chips-12000lm-6000k-12v-h4-h7-h11-h8-9006-hb4-h1-h3-hb3-h9-h27-pces-2.png?resize=300%2C300&amp;ssl=1 300w, https:\/\/i0.wp.com\/ledautomotivo.com.br\/wp-content\/uploads\/2023\/08\/0-main-lampadas-led-do-farol-do-carro-luzes-de-nevoeiro-automatico-1515-chips-12000lm-6000k-12v-h4-h7-h11-h8-9006-hb4-h1-h3-hb3-h9-h27-pces-2.png?resize=150%2C150&amp;ssl=1 150w, https:\/\/i0.wp.com\/ledautomotivo.com.br\/wp-content\/uploads\/2023\/08\/0-main-lampadas-led-do-farol-do-carro-luzes-de-nevoeiro-automatico-1515-chips-12000lm-6000k-12v-h4-h7-h11-h8-9006-hb4-h1-h3-hb3-h9-h27-pces-2.png?resize=768%2C768&amp;ssl=1 768w, https:\/\/i0.wp.com\/ledautomotivo.com.br\/wp-content\/uploads\/2023\/08\/0-main-lampadas-led-do-farol-do-carro-luzes-de-nevoeiro-automatico-1515-chips-12000lm-6000k-12v-h4-h7-h11-h8-9006-hb4-h1-h3-hb3-h9-h27-pces-2.png?resize=600%2C600&amp;ssl=1 600w, https:\/\/i0.wp.com\/ledautomotivo.com.br\/wp-content\/uploads\/2023\/08\/0-main-lampadas-led-do-farol-do-carro-luzes-de-nevoeiro-automatico-1515-chips-12000lm-6000k-12v-h4-h7-h11-h8-9006-hb4-h1-h3-hb3-h9-h27-pces-2.png?resize=100%2C100&amp;ssl=1 100w, https:\/\/i0.wp.com\/ledautomotivo.com.br\/wp-content\/uploads\/2023\/08\/0-main-lampadas-led-do-farol-do-carro-luzes-de-nevoeiro-automatico-1515-chips-12000lm-6000k-12v-h4-h7-h11-h8-9006-hb4-h1-h3-hb3-h9-h27-pces-2.png?w=1010&amp;ssl=1 1010w\" sizes=\"(max-width: 300px) 100vw, 300px\" data-recalc-dims=\"1\" \/> <img decoding=\"async\" loading=\"lazy\" class=\"alignnone size-medium wp-image-87\" src=\"https:\/\/i0.wp.com\/ledautomotivo.com.br\/wp-content\/uploads\/2023\/08\/1-main-lampadas-led-do-farol-do-carro-luzes-de-nevoeiro-automatico-1515-chips-12000lm-6000k-12v-h4-h7-h11-h8-9006-hb4-h1-h3-hb3-h9-h27-pces-2.png?resize=300%2C300&#038;ssl=1\" alt=\"\" width=\"300\" height=\"300\" srcset=\"https:\/\/i0.wp.com\/ledautomotivo.com.br\/wp-content\/uploads\/2023\/08\/1-main-lampadas-led-do-farol-do-carro-luzes-de-nevoeiro-automatico-1515-chips-12000lm-6000k-12v-h4-h7-h11-h8-9006-hb4-h1-h3-hb3-h9-h27-pces-2.png?resize=300%2C300&amp;ssl=1 300w, https:\/\/i0.wp.com\/ledautomotivo.com.br\/wp-content\/uploads\/2023\/08\/1-main-lampadas-led-do-farol-do-carro-luzes-de-nevoeiro-automatico-1515-chips-12000lm-6000k-12v-h4-h7-h11-h8-9006-hb4-h1-h3-hb3-h9-h27-pces-2.png?resize=150%2C150&amp;ssl=1 150w, https:\/\/i0.wp.com\/ledautomotivo.com.br\/wp-content\/uploads\/2023\/08\/1-main-lampadas-led-do-farol-do-carro-luzes-de-nevoeiro-automatico-1515-chips-12000lm-6000k-12v-h4-h7-h11-h8-9006-hb4-h1-h3-hb3-h9-h27-pces-2.png?resize=768%2C768&amp;ssl=1 768w, https:\/\/i0.wp.com\/ledautomotivo.com.br\/wp-content\/uploads\/2023\/08\/1-main-lampadas-led-do-farol-do-carro-luzes-de-nevoeiro-automatico-1515-chips-12000lm-6000k-12v-h4-h7-h11-h8-9006-hb4-h1-h3-hb3-h9-h27-pces-2.png?resize=600%2C600&amp;ssl=1 600w, https:\/\/i0.wp.com\/ledautomotivo.com.br\/wp-content\/uploads\/2023\/08\/1-main-lampadas-led-do-farol-do-carro-luzes-de-nevoeiro-automatico-1515-chips-12000lm-6000k-12v-h4-h7-h11-h8-9006-hb4-h1-h3-hb3-h9-h27-pces-2.png?resize=100%2C100&amp;ssl=1 100w, https:\/\/i0.wp.com\/ledautomotivo.com.br\/wp-content\/uploads\/2023\/08\/1-main-lampadas-led-do-farol-do-carro-luzes-de-nevoeiro-automatico-1515-chips-12000lm-6000k-12v-h4-h7-h11-h8-9006-hb4-h1-h3-hb3-h9-h27-pces-2.png?w=1010&amp;ssl=1 1010w\" sizes=\"(max-width: 300px) 100vw, 300px\" data-recalc-dims=\"1\" \/> <img decoding=\"async\" loading=\"lazy\" class=\"alignnone size-medium wp-image-88\" src=\"https:\/\/i0.wp.com\/ledautomotivo.com.br\/wp-content\/uploads\/2023\/08\/3-main-lampadas-led-do-farol-do-carro-luzes-de-nevoeiro-automatico-1515-chips-12000lm-6000k-12v-h4-h7-h11-h8-9006-hb4-h1-h3-hb3-h9-h27-pces-2.png?resize=300%2C300&#038;ssl=1\" alt=\"\" width=\"300\" height=\"300\" srcset=\"https:\/\/i0.wp.com\/ledautomotivo.com.br\/wp-content\/uploads\/2023\/08\/3-main-lampadas-led-do-farol-do-carro-luzes-de-nevoeiro-automatico-1515-chips-12000lm-6000k-12v-h4-h7-h11-h8-9006-hb4-h1-h3-hb3-h9-h27-pces-2.png?resize=300%2C300&amp;ssl=1 300w, https:\/\/i0.wp.com\/ledautomotivo.com.br\/wp-content\/uploads\/2023\/08\/3-main-lampadas-led-do-farol-do-carro-luzes-de-nevoeiro-automatico-1515-chips-12000lm-6000k-12v-h4-h7-h11-h8-9006-hb4-h1-h3-hb3-h9-h27-pces-2.png?resize=150%2C150&amp;ssl=1 150w, https:\/\/i0.wp.com\/ledautomotivo.com.br\/wp-content\/uploads\/2023\/08\/3-main-lampadas-led-do-farol-do-carro-luzes-de-nevoeiro-automatico-1515-chips-12000lm-6000k-12v-h4-h7-h11-h8-9006-hb4-h1-h3-hb3-h9-h27-pces-2.png?resize=768%2C768&amp;ssl=1 768w, https:\/\/i0.wp.com\/ledautomotivo.com.br\/wp-content\/uploads\/2023\/08\/3-main-lampadas-led-do-farol-do-carro-luzes-de-nevoeiro-automatico-1515-chips-12000lm-6000k-12v-h4-h7-h11-h8-9006-hb4-h1-h3-hb3-h9-h27-pces-2.png?resize=600%2C600&amp;ssl=1 600w, https:\/\/i0.wp.com\/ledautomotivo.com.br\/wp-content\/uploads\/2023\/08\/3-main-lampadas-led-do-farol-do-carro-luzes-de-nevoeiro-automatico-1515-chips-12000lm-6000k-12v-h4-h7-h11-h8-9006-hb4-h1-h3-hb3-h9-h27-pces-2.png?resize=100%2C100&amp;ssl=1 100w, https:\/\/i0.wp.com\/ledautomotivo.com.br\/wp-content\/uploads\/2023\/08\/3-main-lampadas-led-do-farol-do-carro-luzes-de-nevoeiro-automatico-1515-chips-12000lm-6000k-12v-h4-h7-h11-h8-9006-hb4-h1-h3-hb3-h9-h27-pces-2.png?w=1000&amp;ssl=1 1000w\" sizes=\"(max-width: 300px) 100vw, 300px\" data-recalc-dims=\"1\" \/> <img decoding=\"async\" loading=\"lazy\" class=\"alignnone size-medium wp-image-89\" src=\"https:\/\/i0.wp.com\/ledautomotivo.com.br\/wp-content\/uploads\/2023\/08\/5-main-lampadas-led-do-farol-do-carro-luzes-de-nevoeiro-automatico-1515-chips-12000lm-6000k-12v-h4-h7-h11-h8-9006-hb4-h1-h3-hb3-h9-h27-pces-2.png?resize=300%2C300&#038;ssl=1\" alt=\"\" width=\"300\" height=\"300\" srcset=\"https:\/\/i0.wp.com\/ledautomotivo.com.br\/wp-content\/uploads\/2023\/08\/5-main-lampadas-led-do-farol-do-carro-luzes-de-nevoeiro-automatico-1515-chips-12000lm-6000k-12v-h4-h7-h11-h8-9006-hb4-h1-h3-hb3-h9-h27-pces-2.png?resize=300%2C300&amp;ssl=1 300w, https:\/\/i0.wp.com\/ledautomotivo.com.br\/wp-content\/uploads\/2023\/08\/5-main-lampadas-led-do-farol-do-carro-luzes-de-nevoeiro-automatico-1515-chips-12000lm-6000k-12v-h4-h7-h11-h8-9006-hb4-h1-h3-hb3-h9-h27-pces-2.png?resize=150%2C150&amp;ssl=1 150w, https:\/\/i0.wp.com\/ledautomotivo.com.br\/wp-content\/uploads\/2023\/08\/5-main-lampadas-led-do-farol-do-carro-luzes-de-nevoeiro-automatico-1515-chips-12000lm-6000k-12v-h4-h7-h11-h8-9006-hb4-h1-h3-hb3-h9-h27-pces-2.png?resize=768%2C768&amp;ssl=1 768w, https:\/\/i0.wp.com\/ledautomotivo.com.br\/wp-content\/uploads\/2023\/08\/5-main-lampadas-led-do-farol-do-carro-luzes-de-nevoeiro-automatico-1515-chips-12000lm-6000k-12v-h4-h7-h11-h8-9006-hb4-h1-h3-hb3-h9-h27-pces-2.png?resize=600%2C600&amp;ssl=1 600w, https:\/\/i0.wp.com\/ledautomotivo.com.br\/wp-content\/uploads\/2023\/08\/5-main-lampadas-led-do-farol-do-carro-luzes-de-nevoeiro-automatico-1515-chips-12000lm-6000k-12v-h4-h7-h11-h8-9006-hb4-h1-h3-hb3-h9-h27-pces-2.png?resize=100%2C100&amp;ssl=1 100w, https:\/\/i0.wp.com\/ledautomotivo.com.br\/wp-content\/uploads\/2023\/08\/5-main-lampadas-led-do-farol-do-carro-luzes-de-nevoeiro-automatico-1515-chips-12000lm-6000k-12v-h4-h7-h11-h8-9006-hb4-h1-h3-hb3-h9-h27-pces-2.png?w=1010&amp;ssl=1 1010w\" sizes=\"(max-width: 300px) 100vw, 300px\" data-recalc-dims=\"1\" \/> <img decoding=\"async\" loading=\"lazy\" class=\"alignnone size-medium wp-image-90\" src=\"https:\/\/i0.wp.com\/ledautomotivo.com.br\/wp-content\/uploads\/2023\/08\/2-main-lampadas-led-do-farol-do-carro-luzes-de-nevoeiro-automatico-1515-chips-12000lm-6000k-12v-h4-h7-h11-h8-9006-hb4-h1-h3-hb3-h9-h27-pces-2.png?resize=300%2C300&#038;ssl=1\" alt=\"\" width=\"300\" height=\"300\" srcset=\"https:\/\/i0.wp.com\/ledautomotivo.com.br\/wp-content\/uploads\/2023\/08\/2-main-lampadas-led-do-farol-do-carro-luzes-de-nevoeiro-automatico-1515-chips-12000lm-6000k-12v-h4-h7-h11-h8-9006-hb4-h1-h3-hb3-h9-h27-pces-2.png?resize=300%2C300&amp;ssl=1 300w, https:\/\/i0.wp.com\/ledautomotivo.com.br\/wp-content\/uploads\/2023\/08\/2-main-lampadas-led-do-farol-do-carro-luzes-de-nevoeiro-automatico-1515-chips-12000lm-6000k-12v-h4-h7-h11-h8-9006-hb4-h1-h3-hb3-h9-h27-pces-2.png?resize=150%2C150&amp;ssl=1 150w, https:\/\/i0.wp.com\/ledautomotivo.com.br\/wp-content\/uploads\/2023\/08\/2-main-lampadas-led-do-farol-do-carro-luzes-de-nevoeiro-automatico-1515-chips-12000lm-6000k-12v-h4-h7-h11-h8-9006-hb4-h1-h3-hb3-h9-h27-pces-2.png?resize=768%2C768&amp;ssl=1 768w, https:\/\/i0.wp.com\/ledautomotivo.com.br\/wp-content\/uploads\/2023\/08\/2-main-lampadas-led-do-farol-do-carro-luzes-de-nevoeiro-automatico-1515-chips-12000lm-6000k-12v-h4-h7-h11-h8-9006-hb4-h1-h3-hb3-h9-h27-pces-2.png?resize=600%2C600&amp;ssl=1 600w, https:\/\/i0.wp.com\/ledautomotivo.com.br\/wp-content\/uploads\/2023\/08\/2-main-lampadas-led-do-farol-do-carro-luzes-de-nevoeiro-automatico-1515-chips-12000lm-6000k-12v-h4-h7-h11-h8-9006-hb4-h1-h3-hb3-h9-h27-pces-2.png?resize=100%2C100&amp;ssl=1 100w, https:\/\/i0.wp.com\/ledautomotivo.com.br\/wp-content\/uploads\/2023\/08\/2-main-lampadas-led-do-farol-do-carro-luzes-de-nevoeiro-automatico-1515-chips-12000lm-6000k-12v-h4-h7-h11-h8-9006-hb4-h1-h3-hb3-h9-h27-pces-2.png?w=1000&amp;ssl=1 1000w\" sizes=\"(max-width: 300px) 100vw, 300px\" data-recalc-dims=\"1\" \/><\/p>\n","protected":false},"excerpt":{"rendered":"<div class=\"slide-text-bg2\"><span>L\u00e2mpada LED Caracter\u00edsticas e especifica\u00e7\u00f5es: \u2022 Super brilhante com tecnologia focalizada nova do feixe e o teste padr\u00e3o claro perfeito \u2022 Sistema <\/span><\/div>\n<div class=\"slide-btn-area-sm\"><a href=\"https:\/\/ledautomotivo.com.br\/?product=super-led-12000-lumens-6000k\" class=\"slide-btn-sm\">Read More<\/a><\/div>\n","protected":false},"featured_media":86,"comment_status":"open","ping_status":"closed","template":"","meta":[],"product_cat":[18],"product_tag":[],"jetpack_sharing_enabled":true,"_links":{"self":[{"href":"https:\/\/ledautomotivo.com.br\/index.php?rest_route=\/wp\/v2\/product\/84"}],"collection":[{"href":"https:\/\/ledautomotivo.com.br\/index.php?rest_route=\/wp\/v2\/product"}],"about":[{"href":"https:\/\/ledautomotivo.com.br\/index.php?rest_route=\/wp\/v2\/types\/product"}],"replies":[{"embeddable":true,"href":"https:\/\/ledautomotivo.com.br\/index.php?rest_route=%2Fwp%2Fv2%2Fcomments&post=84"}],"wp:featuredmedia":[{"embeddable":true,"href":"https:\/\/ledautomotivo.com.br\/index.php?rest_route=\/wp\/v2\/media\/86"}],"wp:attachment":[{"href":"https:\/\/ledautomotivo.com.br\/index.php?rest_route=%2Fwp%2Fv2%2Fmedia&parent=84"}],"wp:term":[{"taxonomy":"product_cat","embeddable":true,"href":"https:\/\/ledautomotivo.com.br\/index.php?rest_route=%2Fwp%2Fv2%2Fproduct_cat&post=84"},{"taxonomy":"product_tag","embeddable":true,"href":"https:\/\/ledautomotivo.com.br\/index.php?rest_route=%2Fwp%2Fv2%2Fproduct_tag&post=84"}],"curies":[{"name":"wp","href":"https:\/\/api.w.org\/{rel}","templated":true}]}}